{"id":124,"date":"2022-02-14T13:22:06","date_gmt":"2022-02-14T12:22:06","guid":{"rendered":"https:\/\/klapakastav.hr\/web\/?page_id=124"},"modified":"2022-02-25T00:39:31","modified_gmt":"2022-02-24T23:39:31","slug":"kontakti","status":"publish","type":"page","link":"https:\/\/klapakastav.hr\/web\/kontakti\/","title":{"rendered":"Kontakti"},"content":{"rendered":"\n<h3 class=\"wp-block-heading\" id=\"muska-klapa-kastav\">Mu\u0161ka klapa <em>Kastav<\/em><\/h3>\n\n\n\n<p>Sa\u0161a Matovina, umjetni\u010dki voditelj \/ artistic director<\/p>\n\n\n\n<p>Address: Jur\u010di\u0107i 31, 51215 Kastav, Croatia<\/p>\n\n\n\n<p>Phone: +385 51 224 129<\/p>\n\n\n\n<p>Mobile: +385 91 250 97 46<\/p>\n\n\n\n<p>Fax: +385 51 691 454<\/p>\n\n\n\n<p>E-mail: info@klapakastav.hr , sasa@klapakastav.hr<\/p>\n\n\n\n<p>Website: <a href=\"http:\/\/www.klapakastav.hr\">www.klapakastav.hr<\/a> , <a href=\"http:\/\/www.kastav.com\">www.kastav.com<\/a><\/p>\n\n\n<div id=\"div_block-1-341\" class=\"ct-div-block\" ><div id=\"_social_icons-2-341\" class=\"oxy-social-icons\" ><a href='https:\/\/www.facebook.com\/people\/Klapa-Kastav\/100057637920345\/' target='_blank' class='oxy-social-icons-facebook'><svg><use xlink:href='#oxy-social-icons-icon-facebook'><\/use><\/svg><\/a><a href='https:\/\/www.youtube.com\/channel\/UCYgVvKDrHPwwieA3jwRNcCg' target='_blank' class='oxy-social-icons-youtube'><svg><use xlink:href='#oxy-social-icons-icon-youtube'><\/use><\/svg><\/a><\/div><a id=\"link_text-9-341\" class=\"ct-link-text\" href=\"https:\/\/www.klapakastav.hr\/webmail\" target=\"_blank\"  >WEBMAIL<\/a><\/div>","protected":false},"excerpt":{"rendered":"<p>Mu\u0161ka klapa Kastav Sa\u0161a Matovina, umjetni\u010dki voditelj \/ artistic director Address: Jur\u010di\u0107i 31, 51215 Kastav, Croatia Phone: +385 51 224 [&hellip;]<\/p>\n","protected":false},"author":2,"featured_media":0,"parent":0,"menu_order":0,"comment_status":"closed","ping_status":"closed","template":"","meta":{"_acf_changed":false,"footnotes":""},"class_list":["post-124","page","type-page","status-publish","hentry"],"acf":[],"_links":{"self":[{"href":"https:\/\/klapakastav.hr\/web\/wp-json\/wp\/v2\/pages\/124","targetHints":{"allow":["GET"]}}],"collection":[{"href":"https:\/\/klapakastav.hr\/web\/wp-json\/wp\/v2\/pages"}],"about":[{"href":"https:\/\/klapakastav.hr\/web\/wp-json\/wp\/v2\/types\/page"}],"author":[{"embeddable":true,"href":"https:\/\/klapakastav.hr\/web\/wp-json\/wp\/v2\/users\/2"}],"replies":[{"embeddable":true,"href":"https:\/\/klapakastav.hr\/web\/wp-json\/wp\/v2\/comments?post=124"}],"version-history":[{"count":8,"href":"https:\/\/klapakastav.hr\/web\/wp-json\/wp\/v2\/pages\/124\/revisions"}],"predecessor-version":[{"id":349,"href":"https:\/\/klapakastav.hr\/web\/wp-json\/wp\/v2\/pages\/124\/revisions\/349"}],"wp:attachment":[{"href":"https:\/\/klapakastav.hr\/web\/wp-json\/wp\/v2\/media?parent=124"}],"curies":[{"name":"wp","href":"https:\/\/api.w.org\/{rel}","templated":true}]}}