{"id":122,"date":"2022-02-14T13:21:54","date_gmt":"2022-02-14T12:21:54","guid":{"rendered":"https:\/\/klapakastav.hr\/web\/?page_id=122"},"modified":"2022-02-14T23:07:28","modified_gmt":"2022-02-14T22:07:28","slug":"press","status":"publish","type":"page","link":"https:\/\/klapakastav.hr\/web\/press\/","title":{"rendered":"Press"},"content":{"rendered":"\n<h3 class=\"wp-block-heading\" id=\"linkovi-na-novinske-clanke-o-klapi-kastav\">Linkovi na novinske \u010dlanke o klapi Kastav<\/h3>\n\n\n\n<p><a href=\"http:\/\/www.novilist.hr\/Scena\/Glazba\/Trogirskom-slavuju-u-cast\">Trogirskom slavuju u \u010dast<\/a><\/p>\n\n\n\n<p><a href=\"http:\/\/www.novilist.hr\/Vijesti\/Rijeka\/Scena\/Vecer-retrospektive-MIK-a-u-rijeckom-HNK\">Ve\u010der retrospektive MIK-a u rije\u010dkom HNK<\/a><\/p>\n\n\n\n<p><a href=\"http:\/\/www.novilist.hr\/Vijesti\/Rijeka\/Scena\/MIK-ova-retrospektiva-29-tocaka-40-kompozicija-i-120-ljudi-na-pozornici\">MIK-ova retrospektiva: 29 to\u010daka, 40 kompozicija i 120 ljudi na pozornici<\/a><\/p>\n\n\n\n<p><a href=\"http:\/\/www.novilist.hr\/Vijesti\/Rijeka\/Kultura\/Mateticevi-dani-Posveta-obljetnicama-Matka-Brajse-Rasana-i-Natka-Devcica\">Mateti\u0107evi dani: Posveta obljetnicama Matka Braj\u0161e Ra\u0161ana i Natka Dev\u010di\u0107a<\/a><\/p>\n\n\n\n<p><a href=\"http:\/\/www.novilist.hr\/Scena\/Glazba\/Bozic-je-judi-Glazbena-bozicna-carolija-u-HNK-Ivana-pl.-Zajca\">\u201eBo\u017ei\u0107 je judi\u201c: Glazbena bo\u017ei\u0107na \u010darolija u HNK Ivana pl. Zajca<\/a><\/p>\n\n\n\n<p><a href=\"http:\/\/www.novilist.hr\/Scena\/Glazba\/Damir-Kedzo-odusevio-Trsat-pred-mladim-pjevacem-svjetla-buducnost\">Damir Ked\u017eo odu\u0161evio Trsat: pred mladim pjeva\u010dem svjetla budu\u0107nost<\/a><\/p>\n\n\n\n<p><a href=\"http:\/\/www.novilist.hr\/Vijesti\/Rijeka\/Svecanom-akademijom-i-dodjelom-nagrada-obiljezena-20.-godisnjica-Grada-Kastva\">Sve\u010danom akademijom i dodjelom nagrada obilje\u017eena 20. godi\u0161njica Grada Kastva<\/a><\/p>\n\n\n\n<p><a href=\"http:\/\/www.novilist.hr\/Kultura\/Kazaliste\/Za-predstavu-Dragi-moji-trazila-se-stolica-vise\">Za predstavu \u00bbDragi moji\u00ab tra\u017eila se stolica vi\u0161e<\/a><\/p>\n\n\n\n<p><a href=\"http:\/\/www.novilist.hr\/Scena\/Glazba\/Klapa-Kastav-pjesmom-prizvala-duh-blagdana\">Klapa Kastav pjesmom prizvala duh blagdana<\/a><\/p>\n\n\n\n<p><a href=\"http:\/\/www.novilist.hr\/Scena\/Bascinski-glasi-26.-studenog-u-Hrvatskom-kulturnom-domu-na-Susaku\">Ba\u0161\u0107inski glasi 26. studenog u Hrvatskom kulturnom domu na Su\u0161aku<\/a><\/p>\n\n\n\n<p><a href=\"http:\/\/www.novilist.hr\/Kultura\/Ostalo\/Osam-klapa-na-19.-Bascinskim-glasima-u-HKD-u-na-Susaku\">Osam klapa na 19. \"Ba\u0161\u0107inskim glasima\" u HKD-u na Su\u0161aku<\/a><\/p>\n\n\n\n<p><a href=\"http:\/\/www.novilist.hr\/Scena\/Vecer-za-pamcenje-Roberta-Grubisica\">Ve\u010der za pam\u0107enje Roberta Grubi\u0161i\u0107a<\/a><\/p>\n\n\n\n<p><a href=\"http:\/\/www.novilist.hr\/Vijesti\/Rijeka\/Scena\/Bascinski-glasi-Klapska-pjesma-razgalila-publiku\">Ba\u0161\u0107inski glasi: Klapska pjesma razgalila publiku<\/a><\/p>\n\n\n\n<p><a href=\"http:\/\/www.novilist.hr\/Vijesti\/Rijeka\/Kultura\/Koncert-klape-Kastav\">Koncert klape Kastav u rije\u010dkom HNK<\/a><\/p>\n\n\n\n<p><a href=\"http:\/\/www.novilist.hr\/Scena\/Glazba\/Koncert-Bozic-je-judi-napunio-katedralu-sv.-Vida\">Koncert \"Bo\u017ei\u0107 je judi\" napunio katedralu sv. Vida<\/a><\/p>\n\n\n\n<p><a href=\"http:\/\/www.novilist.hr\/Vijesti\/Rijeka\/Scena\/Klapa-Kastav-obiljezila-20.-godina-rada-zazvonio-kanat-u-rijeckom-HNK\" target=\"_blank\" rel=\"noreferrer noopener\">Klapa Kastav obilje\u017eila 20. godina rada: Zazvonio kanat u rije\u010dkom HNK<\/a><\/p>\n\n\n\n<p><a href=\"http:\/\/novine.novilist.hr\/default.asp?WCI=Pretrazivac&amp;WCU=285A28602863285A2863285A285828592858286328632863285C285D285F285F2858285D28632863286328592863N\" target=\"_blank\" rel=\"noreferrer noopener\">Klapa \u00bbKastav\u00ab koncertom otvorila 5. festival hrvatske glazbe u Be\u010du<\/a><\/p>\n\n\n\n<p><a href=\"http:\/\/novine.novilist.hr\/default.asp?WCI=Pretrazivac&amp;WCU=285A28602863285A2863285A285828592858286328632863285B2860285F285D2860285E28632863286328592863Z\" target=\"_blank\" rel=\"noreferrer noopener\">S Kastavcima pjevala cijela dvorana<\/a><\/p>\n\n\n\n<p><a href=\"http:\/\/novine.novilist.hr\/default.asp?WCI=Pretrazivac&amp;WCU=285A28602863285A2863285A285828592858286328632863285B2860285E2861285D285F28632863286328592863W\" target=\"_blank\" rel=\"noreferrer noopener\">Kastafski glas zvoni...<\/a><\/p>\n\n\n\n<p><a href=\"http:\/\/novine.novilist.hr\/default.asp?WCI=Pretrazivac&amp;WCU=285A28602863285A2863285A285828592858286328632863285B285D2859285D2861285B28632863286328592863K\" target=\"_blank\" rel=\"noreferrer noopener\">Mu\u0161ka klapa \u00bbKastav\u00ab na Me\u0111unarodnom zborskom festivalu u Poljskoj<\/a><\/p>\n\n\n\n<p><a href=\"http:\/\/novine.novilist.hr\/default.asp?WCI=Pretrazivac&amp;WCU=285A28602863285A2863285A285828592858286328632863285B2858285A28612858285B28632863286328592863U\" target=\"_blank\" rel=\"noreferrer noopener\">Kastavci pjesmom osvojili svijet<\/a><\/p>\n\n\n\n<p><a href=\"http:\/\/novine.novilist.hr\/default.asp?WCI=Pretrazivac&amp;WCU=285A28602863285A2863285A285828592858286328632863285A2861285C285D2859285B28632863286328592863Y\" target=\"_blank\" rel=\"noreferrer noopener\">Mu\u0161ka klapa \u00bbKastav\u00ab na zborskom festivalu u Brazilu<\/a><\/p>\n\n\n\n<p><a href=\"http:\/\/novine.novilist.hr\/default.asp?WCI=Pretrazivac&amp;WCU=285A28602863285A2863285A285828592858286328632863285A286128582858285C286028632863286328592863X\" target=\"_blank\" rel=\"noreferrer noopener\">Tri cjelove\u010dernja koncerta<\/a><\/p>\n\n\n\n<p><a href=\"http:\/\/novine.novilist.hr\/default.asp?WCI=Pretrazivac&amp;WCU=285A28602863285A2863285A285828592858286328632863285A286028582859285A285E28632863286328592863C\" target=\"_blank\" rel=\"noreferrer noopener\">Berba nagrada za klape \u00bbLuka\u00ab, \u00bbKastav\u00ab i \u00bbGrobnik\u00ab<\/a><\/p>\n\n\n\n<p><a href=\"http:\/\/novine.novilist.hr\/default.asp?WCI=Pretrazivac&amp;WCU=285A28602863285A2863285A285828592858286328632863285A285C285A285D2861285C28632863286328592863T\" target=\"_blank\" rel=\"noreferrer noopener\">Koledvari najavili dobru godinu<\/a><\/p>\n\n\n\n<p><a href=\"http:\/\/novine.novilist.hr\/default.asp?WCI=Pretrazivac&amp;WCU=285A28602863285A2863285A285828592858286328632863285A285B285E285A285A285B28632863286328592863M\" target=\"_blank\" rel=\"noreferrer noopener\">Klape \u00bbKastav\u00ab odu\u0161evile i Opatijce.<\/a><\/p>\n\n\n\n<p><a href=\"http:\/\/novine.novilist.hr\/default.asp?WCI=Pretrazivac&amp;WCU=285A28602863285A2863285A285828592858286328632863285A285B285D285A285C285928632863286328592863E\" target=\"_blank\" rel=\"noreferrer noopener\">\u00bbIskre vremena\u00ab u nedjelju sti\u017eu u \u00bbKvarner\u00ab<\/a><\/p>\n\n\n\n<p><a href=\"http:\/\/novine.novilist.hr\/default.asp?WCI=Pretrazivac&amp;WCU=285A28602863285A2863285A285828592858286328632863285A285B2859285A285A285F28632863286328592863O\" target=\"_blank\" rel=\"noreferrer noopener\">Gala koncert Kastavaca<\/a><\/p>\n\n\n\n<p><a href=\"http:\/\/novine.novilist.hr\/default.asp?WCI=Pretrazivac&amp;WCU=285A28602863285A2863285A285828592858286328632863285A285A28612859285A285F28632863286328592863X\" target=\"_blank\" rel=\"noreferrer noopener\">Turneja klape \u00bbKastav\u00ab Zagrebom, Opatijom i Pulom<\/a><\/p>\n\n\n\n<p><a href=\"http:\/\/novine.novilist.hr\/default.asp?WCI=Pretrazivac&amp;WCU=285A28602863285A2863285A285828592858286328632863285A2859285D2858285B285928632863286328592863H\" target=\"_blank\" rel=\"noreferrer noopener\">Kastavci pjesmom osvojili svijet<\/a><\/p>\n\n\n\n<p><a href=\"http:\/\/novine.novilist.hr\/default.asp?WCI=Pretrazivac&amp;WCU=285A28602863285A2863285A285828592858286328632863285A28582860285F285F285A28632863286328592863O\" target=\"_blank\" rel=\"noreferrer noopener\">Cjelove\u010dernjim koncertima Kastavci odu\u0161evili publiku<\/a><\/p>\n\n\n\n<p><a href=\"http:\/\/novine.novilist.hr\/default.asp?WCI=Pretrazivac&amp;WCU=285A28602863285A2863285A285828592858286328632863285A2858285E285B2858286128632863286328592863F\" target=\"_blank\" rel=\"noreferrer noopener\">Mu\u0161ka klapa \u00bbKastav\u00ab u Mexico, \u017eenska u Ma\u0111arsku i Nizozemsku<\/a><\/p>\n\n\n\n<p><a href=\"http:\/\/novine.novilist.hr\/default.asp?WCI=Pretrazivac&amp;WCU=285A28602863285A2863285A28582859285828632863286328592860285B285D285A285B28632863286328592863I\" target=\"_blank\" rel=\"noreferrer noopener\">Rije\u010dki glazbenici ponijeli najvi\u0161e nominacija Porina<\/a><\/p>\n\n\n\n<p><a href=\"http:\/\/novine.novilist.hr\/default.asp?WCI=Pretrazivac&amp;WCU=285A28602863285A2863285A2858285928582863286328632859285E285C285F2860285B28632863286328592863B\" target=\"_blank\" rel=\"noreferrer noopener\">\u00bbIskre vremena\u00ab \u2013 kruna umjetni\u010dkog rada<\/a><\/p>\n\n\n\n<p><a href=\"http:\/\/novine.novilist.hr\/default.asp?WCI=Pretrazivac&amp;WCU=285A28602863285A2863285A2858285928582863286328632859285D285E28612859285F28632863286328592863A\" target=\"_blank\" rel=\"noreferrer noopener\">\u010cestitke za kastavske kulturnjake<\/a><\/p>\n\n\n\n<p><a href=\"http:\/\/novine.novilist.hr\/default.asp?WCI=Pretrazivac&amp;WCU=285A28602863285A2863285A2858285928582863286328632859285A285B285B285C285E28632863286328592863E\" target=\"_blank\" rel=\"noreferrer noopener\">\u00bbIskre vremena\u00ab za korisnike Centra za rehabilitaciju Rijeka<\/a><\/p>\n\n\n\n<p><a href=\"http:\/\/novine.novilist.hr\/default.asp?WCI=Pretrazivac&amp;WCU=285A28602863285A2863285A28582859285828632863286328592859285F285B285D285928632863286328592863Z\" target=\"_blank\" rel=\"noreferrer noopener\">Dobrotvorne iskre vremena<\/a><\/p>\n\n\n\n<p><a href=\"http:\/\/novine.novilist.hr\/default.asp?WCI=Pretrazivac&amp;WCU=285A28602863285A2863285A28582859285828632863286328592859285F285A285A285D28632863286328592863K\" target=\"_blank\" rel=\"noreferrer noopener\">Koncert za pomo\u0107 rije\u010dkom Centru za rehabilitaciju<\/a><\/p>\n\n\n\n<p><a href=\"http:\/\/novine.novilist.hr\/default.asp?WCI=Pretrazivac&amp;WCU=285A28602863285A2863285A28582859285828632863286328592859285E285A2859286028632863286328592863L\" target=\"_blank\" rel=\"noreferrer noopener\">\u00bbIskre vremena\u00ab za djecu s pote\u0161ko\u0107ama<\/a><\/p>\n\n\n\n<p><a href=\"http:\/\/novine.novilist.hr\/default.asp?WCI=Pretrazivac&amp;WCU=285A28602863285A2863285A28582859285828632863286328592858285F285E2859286028632863286328592863P\" target=\"_blank\" rel=\"noreferrer noopener\">\u010cestitke vice\u0161ampionima<\/a><\/p>\n\n\n\n<p><a href=\"http:\/\/novine.novilist.hr\/default.asp?WCI=Pretrazivac&amp;WCU=285A28602863285A2863285A28582859285828632863286328592858285E28582858285D28632863286328592863M\" target=\"_blank\" rel=\"noreferrer noopener\">Klapama iz Kastva srebrne medalje na Zborskoj olimpijadi u Bremenu<\/a><\/p>\n\n\n\n<p><a href=\"http:\/\/novine.novilist.hr\/default.asp?WCI=Pretrazivac&amp;WCU=285A28602863285A2863285A28582859285828632863286328592858285C28612860286028632863286328592863T\" target=\"_blank\" rel=\"noreferrer noopener\">Kastavci na zborskoj olimpijadi u Bremenu<\/a><\/p>\n\n\n\n<p><a href=\"http:\/\/novine.novilist.hr\/default.asp?WCI=Pretrazivac&amp;WCU=285A28602863285A2863285A285828592858286328632863285E285A285F285C285F28632863286328592863J\" target=\"_blank\" rel=\"noreferrer noopener\">Tko mo\u017ee \u00bbsprije\u010diti\u00ab pobjedu Gine i klape \u00bbKastav\u00ab?<\/a><\/p>\n\n\n\n<p><a href=\"http:\/\/novine.novilist.hr\/default.asp?WCI=Pretrazivac&amp;WCU=285A28602863285A2863285A285828592858286328632863285E285A285D2858285B28632863286328592863O\" target=\"_blank\" rel=\"noreferrer noopener\">Nezaustavljiva Gina i klapa \u00bbKastav\u00ab<\/a><\/p>\n\n\n\n<p><a href=\"http:\/\/novine.novilist.hr\/default.asp?WCI=Pretrazivac&amp;WCU=285A28602863285A2863285A285828592858286328632863285D28612858285B285A28632863286328592863U\" target=\"_blank\" rel=\"noreferrer noopener\">Prepuno kazali\u0161te je najbolji ro\u0111endanski dar<\/a><\/p>\n\n\n\n<p><a href=\"http:\/\/novine.novilist.hr\/default.asp?WCI=Pretrazivac&amp;WCU=285A28602863285A2863285A285828592858286328632863285D2860285F285D285B28632863286328592863C\" target=\"_blank\" rel=\"noreferrer noopener\">Klape \u00bbKastav\u00ab u potpuno novom svjetlu<\/a><\/p>\n\n\n\n<p><a href=\"http:\/\/novine.novilist.hr\/default.asp?WCI=Pretrazivac&amp;WCU=285A28602863285A2863285A285828592858286328632863285C285A2858285A285D28632863286328592863D\" target=\"_blank\" rel=\"noreferrer noopener\">Tri kralja i \u00bbdobra ruka\u00ab<\/a><\/p>\n\n\n\n<p><a href=\"http:\/\/novine.novilist.hr\/default.asp?WCI=Pretrazivac&amp;WCU=285A28602863285A2863285A285828592858286328632863285B285E2861285A285D28632863286328592863T\" target=\"_blank\" rel=\"noreferrer noopener\">Olimpijska odli\u010dja za kastavske pjeva\u010de<\/a><\/p>\n\n\n\n<p><a href=\"http:\/\/novine.novilist.hr\/default.asp?WCI=Pretrazivac&amp;WCU=285A28602863285A2863285A285828592858286328632863285B285B2861285F285828632863286328592863V\" target=\"_blank\" rel=\"noreferrer noopener\">Zlatni i srebrni Kastavci<\/a><\/p>\n\n\n\n<p><a href=\"http:\/\/novine.novilist.hr\/default.asp?WCI=Pretrazivac&amp;WCU=285A28602863285A2863285A285828592858286328632863285B285A285E2859285A28632863286328592863Q\" target=\"_blank\" rel=\"noreferrer noopener\">Hrvatsku predstavljaju mu\u0161ka klapa \u00bbKastav\u00ab i dje\u010dji zbor \u00bb\u010carobna frula\u00ab<\/a><\/p>\n\n\n\n<p><a href=\"http:\/\/novine.novilist.hr\/default.asp?WCI=Pretrazivac&amp;WCU=285A28602863285A2863285A28582859285828632863286328592858285F2859285F28632863286328592863E\" target=\"_blank\" rel=\"noreferrer noopener\">Kastafci trijumfirali<\/a><\/p>\n\n\n\n<p><a href=\"http:\/\/novine.novilist.hr\/default.asp?WCI=Pretrazivac&amp;WCU=285A28602863285A2863285A285828592858286328632863285F285D285C286028632863286328592863F\" target=\"_blank\" rel=\"noreferrer noopener\">Pjevanje urbane pjesme<\/a><\/p>\n\n\n\n<p><a href=\"http:\/\/novine.novilist.hr\/default.asp?WCI=Pretrazivac&amp;WCU=285A28602863285A2863285A285828592858286328632863285E2861285A286128632863286328592863M\" target=\"_blank\" rel=\"noreferrer noopener\">Kruna desetgodi\u0161njeg rada<\/a><\/p>\n\n\n\n<p><a href=\"http:\/\/novine.novilist.hr\/default.asp?WCI=Pretrazivac&amp;WCU=285A28602863285A2863285A285828592858286328632863285D285B285828632863286328592863A\" target=\"_blank\" rel=\"noreferrer noopener\">Koledvari pohodili 34 doma<\/a><\/p>\n\n\n\n<p><a href=\"http:\/\/www.jutarnji.hr\/reprezentacija-najboljih-hrvatskih-glazbenika-u-becu\/331091\/\" target=\"_blank\" rel=\"noreferrer noopener\">Reprezentacija najboljih hrvatskih glazbenika u Be\u010du<\/a><\/p>\n\n\n\n<p><a href=\"http:\/\/www.jutarnji.hr\/zenska-i-muska-klapa-kastav-11--studenoga-u-dvorani-v--lisinskog\/160639\/\" target=\"_blank\" rel=\"noreferrer noopener\">\u017denska i mu\u0161ka klapa Kastav 11. studenoga u dvorani V. Lisinskog<\/a><\/p>\n","protected":false},"excerpt":{"rendered":"<p>Linkovi na novinske \u010dlanke o klapi Kastav Trogirskom slavuju u \u010dast Ve\u010der retrospektive MIK-a u rije\u010dkom HNK MIK-ova retrospektiva: 29 [&hellip;]<\/p>\n","protected":false},"author":2,"featured_media":0,"parent":0,"menu_order":0,"comment_status":"closed","ping_status":"closed","template":"","meta":{"_acf_changed":false,"footnotes":""},"class_list":["post-122","page","type-page","status-publish","hentry"],"acf":[],"_links":{"self":[{"href":"https:\/\/klapakastav.hr\/web\/wp-json\/wp\/v2\/pages\/122","targetHints":{"allow":["GET"]}}],"collection":[{"href":"https:\/\/klapakastav.hr\/web\/wp-json\/wp\/v2\/pages"}],"about":[{"href":"https:\/\/klapakastav.hr\/web\/wp-json\/wp\/v2\/types\/page"}],"author":[{"embeddable":true,"href":"https:\/\/klapakastav.hr\/web\/wp-json\/wp\/v2\/users\/2"}],"replies":[{"embeddable":true,"href":"https:\/\/klapakastav.hr\/web\/wp-json\/wp\/v2\/comments?post=122"}],"version-history":[{"count":2,"href":"https:\/\/klapakastav.hr\/web\/wp-json\/wp\/v2\/pages\/122\/revisions"}],"predecessor-version":[{"id":263,"href":"https:\/\/klapakastav.hr\/web\/wp-json\/wp\/v2\/pages\/122\/revisions\/263"}],"wp:attachment":[{"href":"https:\/\/klapakastav.hr\/web\/wp-json\/wp\/v2\/media?parent=122"}],"curies":[{"name":"wp","href":"https:\/\/api.w.org\/{rel}","templated":true}]}}