{"id":114,"date":"2022-02-14T13:16:56","date_gmt":"2022-02-14T12:16:56","guid":{"rendered":"https:\/\/klapakastav.hr\/web\/?page_id=114"},"modified":"2022-02-14T23:05:18","modified_gmt":"2022-02-14T22:05:18","slug":"repertoar","status":"publish","type":"page","link":"https:\/\/klapakastav.hr\/web\/repertoar\/","title":{"rendered":"Repertoar"},"content":{"rendered":"\n<p><a href=\"#dalmatinske-narodne-a-cappella\">1. DALMATINSKE NARODNE (a cappella)<\/a><\/p>\n\n\n\n<p><a href=\"#dalmatinske-narodne-uz-instrumentalnu-pratnju\">2. DALMATINSKE NARODNE (uz instrumentalnu pratnju)<\/a><\/p>\n\n\n\n<p><a href=\"#autorske-klapske-skladbe-a-cappella\">3. AUTORSKE KLAPSKE SKLADBE (a cappella)<\/a><\/p>\n\n\n\n<p><a href=\"#autorske-klapske-skladbe-uz-instrumentalnu-pratnju\">4. AUTORSKE KLAPSKE SKLADBE (uz instrumentalnu pratnju)<\/a><\/p>\n\n\n\n<p><a href=\"#obrade-evergreena-i-popularnih-pjesama-a-cappella\">5. OBRADE EVERGREENA I POPULARNIH PJESAMA (a cappella)<\/a><\/p>\n\n\n\n<p><a href=\"#obrade-evergreena-i-popularnih-pjesama-uz-instrumentalnu-pratnju\">6. OBRADE EVERGREENA I POPULARNIH PJESAMA (uz instrumentalnu pratnju)<\/a><\/p>\n\n\n\n<p><a href=\"#autorske-skladbe-iz-hrvatskog-primorja-i-istre-a-cappella\">7. AUTORSKE SKLADBE IZ HRVATSKOG PRIMORJA I ISTRE (a cappella)<\/a><\/p>\n\n\n\n<p><a href=\"#autorske-skladbe-iz-hrvatskog-primorja-i-istre-uz-instrumentalnu-pratnju\">8. AUTORSKE SKLADBE IZ HRVATSKOG PRIMORJA I ISTRE (uz instrumentalnu pratnju)<\/a><\/p>\n\n\n\n<p><a href=\"#narodne-pjesme-iz-istre-i-hrvatskog-primorja-a-cappella\">9. NARODNE PJESME IZ ISTRE I HRVATSKOG PRIMORJA (a cappella)<\/a><\/p>\n\n\n\n<p><a href=\"#duhovne-skladbe-a-cappella\">10. DUHOVNE SKLADBE (a cappella)<\/a><\/p>\n\n\n\n<p><a href=\"#svjetovne-skladbe-za-komorne-vokalne-sastave\">11. SVJETOVNE SKLADBE ZA KOMORNE VOKALNE SASTAVE (a cappella)<\/a><\/p>\n\n\n\n<h3 class=\"wp-block-heading\" id=\"dalmatinske-narodne-a-cappella\">1. DALMATINSKE NARODNE (a cappella)<\/h3>\n\n\n\n<p>AKO SI LJUBO PO\u0160LA SPAT \u2013 dalmatinska narodna, obradio Jo\u0161ko \u0106aleta<\/p>\n\n\n\n<p>BUKOVICO \u2013 dalmatinska narodna, obradio Ivo Brki\u0107<\/p>\n\n\n\n<p>DA BI UDRILE SVE FORTUNE \u2013 dalmatinska narodna, obradio Nikola Buble<\/p>\n\n\n\n<p>DOBRO JUTRO, CA SE NE JAVIJE\u0160 \u2013 dalmatinska narodna, obradio Josip Ver\u0161i\u0107<\/p>\n\n\n\n<p>DOBRO VE\u010cER BOG DA \u2013 kolendra iz splitske okolice, zapisao i obradio Ljubo Stipi\u0161i\u0107<\/p>\n\n\n\n<p>DRAGA MOJA, NAPOJ MENI KONJA \u2013 dalmatinska narodna, obradio Jo\u0161ko \u0106aleta<\/p>\n\n\n\n<p>E, KAD JA IDEN STAREN GRADU \u2013 dalmatinska narodna, obradio Jo\u0161ko \u0106aleta<\/p>\n\n\n\n<p>IZRESLA RU\u017dA RUMENA \u2013 dalmatinska narodna, obradio Rajimir Kraljevi\u0107<\/p>\n\n\n\n<p>JUBAVI, UFANJE VELIKO \u2013 dalmatinska narodna, obradio Rajimir Kraljevi\u0107<\/p>\n\n\n\n<p>JUTE SAN SE ZAJUBIJA \u2013 dalmatinska narodna, obradio Ljubo Stipi\u0161i\u0107<\/p>\n\n\n\n<p>KROZ PLANINE, BRDA I GORE \u2013 dalmatinska narodna, obradio Eduard Tudor<\/p>\n\n\n\n<p>MOMEN DRAGU PRVA MU JE LEVA \u2013 dalmatinska narodna, obradio Jo\u0161ko \u0106aleta<\/p>\n\n\n\n<p>OJ IVANE, RODE MOJ \u2013 dalmatinska narodna, obradio Silvije Bombardelli<\/p>\n\n\n\n<p>OMILI MI U SELU DIVOJKA \u2013 dalmatinska narodna, obradio Jakov Gotovac<\/p>\n\n\n\n<p>PISMO MOJA, HRLI TAMO \u2013 dalmatinska narodna, obradio Du\u0161ko Tamba\u010da<\/p>\n\n\n\n<p>PONISTRA JE DRIVO \u2013 dalmatinska narodna, obradio Dinko Fio<\/p>\n\n\n\n<p>PROJDEN KROZ PASIKE \u2013 dalmatinska narodna, obradio Josip Ver\u0161i\u0107<\/p>\n\n\n\n<p>SAGRADIT \u0106U KU\u0106U \u2013 dalmatinska narodna, obradio Eduard Tudor<\/p>\n\n\n\n<p>TI SI LIPA, MOJA MARE \u2013 dalmatinska narodna, obradio Jakov Gotovac<\/p>\n\n\n\n<p>U POLJU SE MALA \u2013 dalmatinska narodna, obradio Dinko Fio<\/p>\n\n\n\n<p>VESELA RADOSTI, KRUNOVITO BLAGO \u2013 dalmatinska narodna, obradio Ljubo Stipi\u0161i\u0107<\/p>\n\n\n\n<p>VOZILA SE MARE, KATA \u2013 dalmatinska narodna, obradio Kre\u0161imir Magdi\u0107<\/p>\n\n\n\n<p>VOZILA SE PO MORU GALIJA \u2013 dalmatinska narodna, obradio Rajimir Kraljevi\u0107<\/p>\n\n\n\n<p>ZASPALO JE SIRO\u010cE \u2013 dalmatinska narodna, obradio Jo\u0161ko \u0106aleta<\/p>\n\n\n\n<h3 class=\"wp-block-heading\" id=\"dalmatinske-narodne-uz-instrumentalnu-pratnju\">2. DALMATINSKE NARODNE (uz instrumentalnu pratnju)<\/h3>\n\n\n\n<p>KAD SI BILA MALA MARE \u2013 dalmatinska narodna, obradio Sa\u0161a Matovina<\/p>\n\n\n\n<p>SINO\u0106 KAD SAN TI PRO\u0160A \u2013 dalmatinska narodna, obradio Sa\u0161a Matovina<\/p>\n\n\n\n<p>SPAVAJ MI SPAVAJ AN\u010cICE \u2013 dalmatinska narodna, obradio Sa\u0161a Matovina<\/p>\n\n\n\n<h3 class=\"wp-block-heading\" id=\"autorske-klapske-skladbe-a-cappella\">3. AUTORSKE KLAPSKE SKLADBE (a cappella)<\/h3>\n\n\n\n<p>DALMATINO, POVI\u0160\u0106U PRITRUJENA \u2013 glazba i stihovi Ljubo Stipi\u0161i\u0107<\/p>\n\n\n\n<p>GALIOTOVA PESAN \u2013 glazba Dinko Fio, stihovi Vladimir Nazor<\/p>\n\n\n\n<p>GOLUBICE BILA NEMOJ LETIT SAMA \u2013 glazba Dinko Fio na narodne stihove iz Dalmacije<\/p>\n\n\n\n<p>KOD LEPANTA, SUNCE MOJE \u2013 glazba i stihovi Ljubo Stipi\u0161i\u0107<\/p>\n\n\n\n<p>LIN\u0110O \u2013 glazba Vladimir Berdovi\u0107 na dubrova\u010dke narodne stihove<\/p>\n\n\n\n<p>LOZA U \u0160KRIPU \u2013 glazba Rajimir Kraljevi\u0107, stihovi Nediljko Begi\u0107<\/p>\n\n\n\n<p>MOJ TOVAR \u2013 glazba i stihovi Ton\u010di Papi\u0107, vokalna obrada za klapu \u0110ino Mladineo<\/p>\n\n\n\n<p>PLAVI PUTEVI MORA \u2013 glazba i stihovi Mario Nardelli<\/p>\n\n\n\n<p>SUTRA \u0106E TE PONIT \u2013 glazba Kre\u0161imir Magdi\u0107, stihovi Jak\u0161a Fiamengo<\/p>\n\n\n\n<p>\u0160IJAVICA \u2013 glazba Du\u0161an \u0160arac, stihovi Pero Picukari\u0107<\/p>\n\n\n\n<p>TESTAMENTUM \u2013 glazba i stihovi Ljubo Stipi\u0161i\u0107<\/p>\n\n\n\n<p>\u2018VO JE NA\u0160A ZEMJA \u2013 glazba Mojimir \u0106a\u0107ija, stihovi Jakov Duki\u0107<\/p>\n\n\n\n<h3 class=\"wp-block-heading\" id=\"autorske-klapske-skladbe-uz-instrumentalnu-pratnju\">4. AUTORSKE KLAPSKE SKLADBE<br>(uz instrumentalnu pratnju)<\/h3>\n\n\n\n<p>LIPA MOJA LIPEGA \u017dIVOTA \u2013 glazba Ivica Badurina, stihovi Jak\u0161a Fiamengo, aran\u017eman Robert Fun\u010di\u0107 i Sa\u0161a Matovina<\/p>\n\n\n\n<p>TROGIRKSOM SLAVUJU \u2013 glazba Slavko Jankovi\u0107, aran\u017eman Robert Grubi\u0161i\u0107 i Sveto Popovi\u0107<\/p>\n\n\n\n<h3 class=\"wp-block-heading\" id=\"obrade-evergreena-i-popularnih-pjesama-a-cappella\">5. OBRADE EVERGREENA I POPULARNIH PJESAMA (a cappella)<\/h3>\n\n\n\n<p>BEZ TEBE \u2013 glazba i stihovi Tomislav Mrdulja\u0161, aran\u017eman Sa\u0161a Matovina<\/p>\n\n\n\n<p>BODULSKA BALADA \u2013 glazba Ivica Ba\u0161i\u0107, stihovi Stjepan Benzon, aran\u017eman Nikola Buble<\/p>\n\n\n\n<p>BROD U BOCI \u2013 glazba Remi Kazinoti, stihovi Zlatan Stipi\u0161i\u0107 Gibonni, aran\u017eman Sa\u0161a Matovina<\/p>\n\n\n\n<p>CVIJET \u010cE\u017dNJE \u2013 glazba Zdenko Runji\u0107, stihovi Tomislav Zuppa, aran\u017eman Rajimir Kraljevi\u0107<\/p>\n\n\n\n<p>DALMACIJO, LIPO TI JE IME \u2013 glazba i stihovi Tomislav Mrdulja\u0161, aran\u017eman Sa\u0161a Matovina<\/p>\n\n\n\n<p>DON'T WORRY BE HAPPY \/ KALMAN TI BUDI, TO JE ZA JUDI \u2013 glazba Boby McFerrin, stihovi Vjekoslav Alilovi\u0107, aran\u017eman Sa\u0161a Matovina<\/p>\n\n\n\n<p>JEDAN DAN \u2013 glazba \u0110elo (senior) Jusi\u0107, stihovi Stijepo Stra\u017ei\u010di\u0107, aran\u017eman Sa\u0161a Matovina<\/p>\n\n\n\n<p>JUBAVI MALA \u2013 glazba i stihovi Arne Politeo, aran\u017eman Sa\u0161a Matovina<\/p>\n\n\n\n<p>KAPETANE MOJ \u2013 glazba Zdenko Runji\u0107, stihovi Tomislav Zuppa, aran\u017eman Sa\u0161a Matovina<\/p>\n\n\n\n<p>KLJU\u010c \u017dIVOTA \u2013 glazba i stihovi Zdenko Runji\u0107, aran\u017eman Sa\u0161a Matovina<\/p>\n\n\n\n<p>KUD PLOVI OVAJ BROD \u2013 glazba Esad Arnautali\u0107, stihovi Krste Juras, aran\u017eman Sa\u0161a Matovina<\/p>\n\n\n\n<p>LAS MANANITAS \/ JEDAN DAN \u017dIVOTA \u2013 meksi\u010dka narodna, aran\u017eman Sa\u0161a Matovina<\/p>\n\n\n\n<p>LIPA MOJA \u2013 glazba i stihovi Zlatan Stipi\u0161i\u0107 Gibonni, aran\u017eman Rajimir Kraljevi\u0107<\/p>\n\n\n\n<p>MI SMO PRVACI \u2013 glazba i stihovi Zlatan Stipi\u0161i\u0107 Gibonni, aran\u017eman Rajimir Kraljevi\u0107<\/p>\n\n\n\n<p>MOJ KASTAV \u2013 glazba Andrej Ba\u0161a, stihovi Nikola Luzer, aran\u017eman Sa\u0161a Matovina<\/p>\n\n\n\n<p>NADALINA \u2013 glazba Zdenko Runji\u0107, stihovi Jak\u0161a Fiamengo, aran\u017eman Sa\u0161a Matovina<\/p>\n\n\n\n<p>OPROSTI \u2013 glazba i stihovi Zlatan Stipi\u0161i\u0107 Gibonni, aran\u017eman Rajimir Kraljevi\u0107<\/p>\n\n\n\n<p>OVO JE NA\u0160A KRV \u2013 glazba Ton\u010di Hulji\u0107, stihovi Bratislav Zlatanovi\u0107, aran\u017eman Sa\u0161a Matovina<\/p>\n\n\n\n<p>PISMO \u0106ALI \u2013 glazba Zdenko Runji\u0107, stihovi Tomislav Zuppa, aran\u017eman Nikola Buble<\/p>\n\n\n\n<p>PROJDI VILO \u2013 glazba i stihovi Zlatan Stipi\u0161i\u0107 Gibonni, aran\u017eman Rajimir Kraljevi\u0107<\/p>\n\n\n\n<p>SAMO SIMPATIJA \u2013 glazba \u0110or\u0111e Novkovi\u0107, stihovi \u017deljko Sabol, aran\u017eman Sa\u0161a Matovina<\/p>\n\n\n\n<p>SERENADA OPATIJI \u2013 glazba i stihovi Zvonimir Krklju\u0161, aran\u017eman Sa\u0161a Matovina<\/p>\n\n\n\n<p>TA TVOJA RUKA MALA \u2013 glazba Ljubo Kuntari\u0107, stihovi Blanka Chudoba, aran\u017eman Sa\u0161a Matovina<\/p>\n\n\n\n<p>VJERUJ U LJUBAV \u2013 glazba i stihovi Zdenko Runji\u0107, aran\u017eman Sa\u0161a Matovina<\/p>\n\n\n\n<p>WIND OF CHANGE (Scorpions) \u2013 glazba i stihovi Klaus Meine, aran\u017eman Sa\u0161a Matovina<\/p>\n\n\n\n<p>ZVONA MOGA GRADA \u2013 glazba Zvonko Spi\u0161i\u0107, stihovi Drago Britvi\u0107, aran\u017eman Rajimir Kraljevi\u0107<\/p>\n\n\n\n<h3 class=\"wp-block-heading\" id=\"obrade-evergreena-i-popularnih-pjesama-uz-instrumentalnu-pratnju\">6. OBRADE EVERGREENA I POPULARNIH PJESAMA (uz instrumentalnu pratnju)<\/h3>\n\n\n\n<p>BEAUTIFUL MARIA OF MY SOUL \u2013 glazba Robert Kraft, stihovi Arne Glimcher, aran\u017eman Sa\u0161a Matovina<\/p>\n\n\n\n<p>DA TE MOGU PISMOM ZVATI \u2013 glazba Ivica Badurina, stihovi Frane Bili\u0107, aran\u017eman Sa\u0161a Matovina<\/p>\n\n\n\n<p>DALMACIJA U MOM OKU \u2013 glazba Du\u0161an \u0160arac, stihovi Krste Juras, aran\u017eman Sa\u0161a Matovina<\/p>\n\n\n\n<p>DOBAR DAN \u2013 glazba i stihovi Zlatan Stipi\u0161i\u0107 Gibonni, aran\u017eman Svetomir Popovi\u0107<\/p>\n\n\n\n<p>KALELARGA \u2013 glazba i stihovi Tomislav Iv\u010di\u0107, aran\u017eman Sa\u0161a Matovina<\/p>\n\n\n\n<p>KONOBA \u2013 glazba Slobodan M. Kova\u010devi\u0107, stihovi Robert \u0160unji\u0107, aran\u017eman Sa\u0161a Matovina<\/p>\n\n\n\n<p>LIPA MOJA \u2013 glazba i stihovi Zlatan Stipi\u0161i\u0107 Gibonni, aran\u017eman Rajimir Kraljevi\u0107<\/p>\n\n\n\n<p>LUDO MORE \u2013 glazba Nikica Kalogjera, stihovi Krste Juras, aran\u017eman Sa\u0161a Matovina<\/p>\n\n\n\n<p>LUNGO MARE \u2013 glazba i stihovi Nenad Nin\u010devi\u0107 aran\u017eman Sa\u0161a Matovina<\/p>\n\n\n\n<p>LJUBAV JE \u2013 glazba i stihovi Aljo\u0161a Dragani\u0107 \u2013 Vran\u010di\u0107, aran\u017eman Sa\u0161a Matovina<\/p>\n\n\n\n<p>MALINKONIJA \u2013 glazba i stihovi Zdenko Runji\u0107, aran\u017eman Nikola Buble<\/p>\n\n\n\n<p>MASLINA \u2013 glazba Du\u0161an \u0160arac, stihovi Drago Britvi\u0107, aran\u017eman Sa\u0161a Matovina<\/p>\n\n\n\n<p>MIRNO SPAVAJ, RU\u017dO MOJA \u2013 glazba i stihovi Nenad Nin\u010devi\u0107 aran\u017eman Sa\u0161a Matovina<\/p>\n\n\n\n<p>MOJ LIPI AN\u0110ELE \u2013 glazba i stihovi Hari Ron\u010devi\u0107, aran\u017eman Ivica Kaleb<\/p>\n\n\n\n<p>MOJA POSLJEDNJA I PRVA LJUBAVI \u2013 glazba i stihovi Kemal Monteno, aran\u017eman Sa\u0161a Matovina<\/p>\n\n\n\n<p>NE MORE MI BIT \u2013 glazba Pero Kozomara, stihovi Snje\u017eana Peri\u0107<\/p>\n\n\n\n<p>NE DIRAJ MOJU LJUBAV \u2013 glazba i stihovi Vinko Bar\u010dot<\/p>\n\n\n\n<p>NIJE U \u0160OLDIMA SVE \u2013 glazba Grdovi\u0107 Mladen, stihovi Nenad Nin\u010devi\u0107<\/p>\n\n\n\n<p>O, MARIJANA \u2013 glazba i stihovi Vlaho Paljetak<\/p>\n\n\n\n<p>PIVA KLAPA \u0160OTOVO\u010cE \u2013 glazba Zdenko Runji\u0107, stihovi Jak\u0161a Fiamengo<\/p>\n\n\n\n<p>PROLAZI SVE \u2013 glazba Ivo K\u00f6rbler i Stjepan Stani\u0107, stihovi Stjepan Stani\u0107, aran\u017eman Sa\u0161a Matovina<\/p>\n\n\n\n<p>RO\u017dA \u2013 glazba i stihovi Bruno Krajcar, aran\u017eman Sa\u0161a Matovina<\/p>\n\n\n\n<p>RU\u017dO CRVENA \u2013 glazba i stihovi Dubravko \u0160imek, aran\u017eman za klapu Roman Gross<\/p>\n\n\n\n<p>SEPTIEMBRE \u2013 Stjepo Martinovi\u0107, Mirna Perusina Lanfranca, aran\u017eman Sa\u0161a Matovina<\/p>\n\n\n\n<p>SERENADA OPATIJI \u2013 glazba i stihovi Zvonimir Krklju\u0161, aran\u017eman Sa\u0161a Matovina<\/p>\n\n\n\n<p>SRI\u0106AN BO\u017dI\u0106 \u2013 glazba i stihovi Bruno Krajcar, aran\u017eman Ivan Popeski\u0107<\/p>\n\n\n\n<p>\u0160KARPELIN \u2013 glazba Tedi Spalato, stihovi Robert \u0160unji\u0107<\/p>\n\n\n\n<p>SJE\u0106ANJE NA VELA LUKU \u2013 glazba i stihovi \u017duvela, aran\u017eman Sa\u0161a Matovina<\/p>\n\n\n\n<p>VJERUJ MI \u2013 glazba i stihovi Bruno Krajcar, aran\u017eman Sa\u0161a Matovina<\/p>\n\n\n\n<h3 class=\"wp-block-heading\" id=\"autorske-skladbe-iz-hrvatskog-primorja-i-istre-a-cappella\">7. AUTORSKE SKLADBE IZ HRVATSKOG PRIMORJA I ISTRE (a cappella)<\/h3>\n\n\n\n<p>BILO VAVEK VESELO \u2013 Ivan Mateti\u0107 \u2013 Ronjgov<\/p>\n\n\n\n<p>BRI\u0160KULA \u2013 glazba Leo Ivan\u010di\u0107, stihovi Zvonko Turak<\/p>\n\n\n\n<p>GRADI\u0106U MOJ LEPI \u2013 glazba Josip Kaplan, stihovi Rikard Katalini\u0107 \u2013 Jeretov<\/p>\n\n\n\n<p>LIPO J' VINO PIT \u2013 glazba i stihovi Aldo Galeazzi, aran\u017eman Sa\u0161a Matovina<\/p>\n\n\n\n<p>MOJ KASTAV \u2013 glazba Andrej Ba\u0161a, stihovi Nikola Lauzer, aran\u017eman Sa\u0161a Matovina<\/p>\n\n\n\n<p>MORA KANTADA \u2013 glazba Andrej Ba\u0161a, stihovi Zvonko Turak, aran\u017eman Leo Ivan\u010di\u0107<\/p>\n\n\n\n<p>PARTIL SAN \u2013 glazba Ljubo Kuntari\u0107, stihovi Vlasta Jureti\u0107, aran\u017eman Sa\u0161a Matovina<\/p>\n\n\n\n<p>POD OREHON \u2013 glazba Igor Lesica, stihovi Igor Lesica i Velimir Tuhtan, aran\u017eman Sa\u0161a Matovina<\/p>\n\n\n\n<p>RUKAVAC \u2013 glazba Leo Ivan\u010di\u0107, stihovi Rajka Jurdana, aran\u017eman Sa\u0161a Matovina<\/p>\n\n\n\n<p>SUNCE \u017dGE \u2013 glazba Leo Ivan\u010di\u0107, stihovi Zvonko Turak<\/p>\n\n\n\n<h3 class=\"wp-block-heading\" id=\"autorske-skladbe-iz-hrvatskog-primorja-i-istre-uz-instrumentalnu-pratnju\">8. AUTORSKE SKLADBE IZ HRVATSKOG PRIMORJA I ISTRE (uz instrumentalnu pratnju)<\/h3>\n\n\n\n<p>CRIKVENICE MOJA \u2013 glazba i stihovi Nikola \u0160njari\u0107 \u2013 Mika, aran\u017eman Sa\u0161a Matovina<\/p>\n\n\n\n<p>\u010cIPKARICA \u2013 glazba Sanjin Mandi\u010di\u0107, stihovi Karmen Hla\u010da \u2013 Santinika, aran\u017eman Ivan Popeski\u0107 i S. Matovina<\/p>\n\n\n\n<p>DEL TEBE \u2013 glazba Robert Grubi\u0161i\u0107, stihovi Zlatan Maruni\u0107, aran\u017eman Robert Grubi\u0161i\u0107 i Sa\u0161a Matovina<\/p>\n\n\n\n<p>IMET \u0106E\u0160 ANJELA \u2013 glazba i stihovi \u0110ur\u0111a Gruji\u010di\u0107, aran\u017eman Sa\u0161a Matovina<\/p>\n\n\n\n<p>KANET NA VETRU \u2013 glazba Robert Grubi\u0161i\u0107, stihovi Marina Valkovi\u0107, aran\u017eman Robert Grubi\u0161i\u0107 i S. Matovina<\/p>\n\n\n\n<p>LIPE O\u010cI MOJE NONE \u2013 glazba Robert Grubi\u0161i\u0107, stihovi Mirjana Bobu\u0161, aran\u017eman Robert Grubi\u0161i\u0107 i S. Matovina<\/p>\n\n\n\n<p>NEVESTA OD SOLI \u2013 glazba Robert Grubi\u0161i\u0107, stihovi Mirjana Bobu\u0161, aran\u017eman Robert Grubi\u0161i\u0107 i S. Matovina<\/p>\n\n\n\n<p>NONI\u0106EVA KAMARA \u2013 glazba Sanjin Mandi\u010di\u0107, stihovi Marija Trinajsti\u0107, aran\u017eman Sa\u0161a Matovina<\/p>\n\n\n\n<p>NONI\u0106EVA PASARA \u2013 glazba Robert Grubi\u0161i\u0107, stihovi Mirjana Bobu\u0161, aran\u017eman Robert Grubi\u0161i\u0107 i S. Matovina<\/p>\n\n\n\n<p>MOM ZAVI\u010cAJU \u2013 glazba i stihovi Vjekoslav Kne\u017eevi\u0107<\/p>\n\n\n\n<p>NAJDRA\u017dA RIJEKO \u2013 glazba i stihovi Damir Badurina<\/p>\n\n\n\n<p>OD SU\u0160AKA PA DO LIPE BOKE \u2013 glazba i stihovi Vjekoslav Kne\u017eevi\u0107<\/p>\n\n\n\n<p>VILO MOJA \u2013 glazba Ivica Badurina, stihovi Vlasta Jureti\u0107, aran\u017eman Ivica Frleta<\/p>\n\n\n\n<h3 class=\"wp-block-heading\" id=\"narodne-pjesme-iz-istre-i-hrvatskog-primorja-a-cappella\">9. NARODNE PJESME IZ ISTRE I HRVATSKOG PRIMORJA (a cappella)<\/h3>\n\n\n\n<p>BRKICA \u2013 narodna iz Buze\u0161tine, obradio Sa\u0161a Matovina<\/p>\n\n\n\n<p>IVE KOSI RUKAVICE NOSI \u2013 narodna iz Kastva, obradio Ivan Mateti\u0107 \u2013 Ronjgov<\/p>\n\n\n\n<p>LAHKO TEBI DU\u0160O \u2013 narodna Volosko \u2013 Opatija, obradio Matko Braj\u0161a \u2013 Ra\u0161an<\/p>\n\n\n\n<p>LIPO JADRI NOVI BROD PO MORU \u2013 narodna iz Kastav\u0161tine, obradio Sa\u0161a Matovina<\/p>\n\n\n\n<p>POPUHNUL JE TIHI VETAR \u2013 narodna iz Pazin\u0161tine, obradio Sa\u0161a Matovina<\/p>\n\n\n\n<p>SINO\u0106 IVE IZ NOVOGA DO\u0160AL \u2013 narodna Volosko \u2013 Opatija, obradio Matko Braj\u0161a \u2013 Ra\u0161an<\/p>\n\n\n\n<p>\u0160ETALA SE JELICA I IVE \u2013 narodna iz Hrvatskog primorja, obradio Ivica Frleta<\/p>\n\n\n\n<h3 class=\"wp-block-heading\" id=\"duhovne-skladbe-a-cappella\">10. DUHOVNE SKLADBE (a cappella)<\/h3>\n\n\n\n<p>AVE MARIA \u2013 Ivan pl. Zajc<\/p>\n\n\n\n<p>GOSPODINE, SMILUJ SE (1. stavak Dalmatinske mise) \u2013 Pero Gotovac<\/p>\n\n\n\n<p>KOLEDVA \u2013 glazba i stihovi pop Andrija Marot-Jurjeni\u0107, harmonizacija Matko Braj\u0161a-Ra\u0161an<\/p>\n\n\n\n<p>MAJKO NA\u0160A, GOSPO OD TRSATA \u2013 glazba Ivica Badurina, stihovi Jak\u0161a Fiamengo, aran\u017eman S. Matovina<\/p>\n\n\n\n<p>NOBODY KNOWS \u2013 negro spiritual, aran\u017eman Sa\u0161a Matovina<\/p>\n\n\n\n<p>O\u010cE NA\u0160 \u2013 Ljubo Stipi\u0161i\u0107<\/p>\n\n\n\n<p>PATER NOSTER \u2013 Rolf Lukowsky<\/p>\n\n\n\n<p>SIGNORE DELLE CIME \u2013 Giuseppe de Marzi<\/p>\n\n\n\n<p>SOON AH WILL BE DONE \u2013 negro spiritual<\/p>\n\n\n\n<p>TRI KRALJA \u2013 kastavska bo\u017ei\u0107na, aran\u017eman Sa\u0161a Matovina<\/p>\n\n\n\n<p>TU\u017dALJKA JEREMIJE PROROKA \u2013 koral iz VIII. stolje\u0107a<\/p>\n\n\n\n<h3 class=\"wp-block-heading\" id=\"svjetovne-skladbe-za-komorne-vokalne-sastave\">11. SVJETOVNE SKLADBE ZA KOMORNE VOKALNE SASTAVE<\/h3>\n\n\n\n<p>AMATE MI BEN MIO (madrigal) \u2013 Luca Marenzio<\/p>\n\n\n\n<p>CURI\u010cICA MALA \u2013 Ivan pl. Zajc<\/p>\n\n\n\n<p>DALMATINSKI \u0160AJKA\u0160 \u2013 Armin \u0160rabec<\/p>\n\n\n\n<p>KASATAV-GRADU \u2013 glazba Matko Braj\u0161a-Ra\u0161an, stihovi Rikard Katalini\u0107-Jeretov<\/p>\n\n\n\n<p>NAPITNICA (iz operete Princ Student) \u2013 glazba Sigmund Romberg, stihovi Vice Vukov, aran\u017eman Sa\u0161a Matovina<\/p>\n\n\n\n<p>O, KU\u0106O MALA (fragment iz operete Splitski akvarel) \u2013 Ivo Tijardovi\u0107, aran\u017eman Sa\u0161a Matovina<\/p>\n\n\n\n<p>PENSO PRINTEMPA \u2013 Carmelo Pace<\/p>\n\n\n\n<p>PRIPOVEDKA O RAZBOJNIKU KUDEJARU \u2013 ruska narodna, obradio N. Pievickaja<\/p>\n\n\n\n<p>SEDEM SI RO\u017d POREZALA MI \u2013 glazba Zorko Prelovec, stihovi Ivo Peruzzi<\/p>\n\n\n\n<p>U BOJ, U BOJ \u2013 Ivan pl. Zajc<\/p>\n\n\n\n<p>ZAVI\u010cAJU, TEBI (sve\u010dana pjesma Primorsko-goranske \u017eupanije) \u2013 glazba i stihovi Ante Pecoti\u0107, aran\u017eman Sa\u0161a Matovina<\/p>\n\n\n\n<p>\u017dABLJA SVADBA \u2013 Vinko Vodopivec<\/p>\n","protected":false},"excerpt":{"rendered":"<p>1. DALMATINSKE NARODNE (a cappella) 2. DALMATINSKE NARODNE (uz instrumentalnu pratnju) 3. AUTORSKE KLAPSKE SKLADBE (a cappella) 4. AUTORSKE KLAPSKE [&hellip;]<\/p>\n","protected":false},"author":2,"featured_media":0,"parent":0,"menu_order":0,"comment_status":"closed","ping_status":"closed","template":"","meta":{"_acf_changed":false,"footnotes":""},"class_list":["post-114","page","type-page","status-publish","hentry"],"acf":[],"_links":{"self":[{"href":"https:\/\/klapakastav.hr\/web\/wp-json\/wp\/v2\/pages\/114","targetHints":{"allow":["GET"]}}],"collection":[{"href":"https:\/\/klapakastav.hr\/web\/wp-json\/wp\/v2\/pages"}],"about":[{"href":"https:\/\/klapakastav.hr\/web\/wp-json\/wp\/v2\/types\/page"}],"author":[{"embeddable":true,"href":"https:\/\/klapakastav.hr\/web\/wp-json\/wp\/v2\/users\/2"}],"replies":[{"embeddable":true,"href":"https:\/\/klapakastav.hr\/web\/wp-json\/wp\/v2\/comments?post=114"}],"version-history":[{"count":11,"href":"https:\/\/klapakastav.hr\/web\/wp-json\/wp\/v2\/pages\/114\/revisions"}],"predecessor-version":[{"id":261,"href":"https:\/\/klapakastav.hr\/web\/wp-json\/wp\/v2\/pages\/114\/revisions\/261"}],"wp:attachment":[{"href":"https:\/\/klapakastav.hr\/web\/wp-json\/wp\/v2\/media?parent=114"}],"curies":[{"name":"wp","href":"https:\/\/api.w.org\/{rel}","templated":true}]}}